{"id":125,"date":"2021-02-18T23:41:52","date_gmt":"2021-02-19T02:41:52","guid":{"rendered":"https:\/\/mottaweb.com.br\/celso\/?page_id=125"},"modified":"2021-04-27T14:43:54","modified_gmt":"2021-04-27T17:43:54","slug":"assistencia-tecnica-judicial-e-extrajudicial","status":"publish","type":"page","link":"https:\/\/mottaweb.com.br\/celso\/assistencia-tecnica-judicial-e-extrajudicial\/","title":{"rendered":"Assist\u00eancia T\u00e9cnica Judicial e Extrajudicial"},"content":{"rendered":"\t\t<div data-elementor-type=\"wp-page\" data-elementor-id=\"125\" class=\"elementor elementor-125\" data-elementor-settings=\"[]\">\n\t\t\t\t\t\t<div class=\"elementor-inner\">\n\t\t\t\t\t\t\t<div class=\"elementor-section-wrap\">\n\t\t\t\t\t\t\t<section class=\"elementor-section elementor-top-section elementor-element elementor-element-134bce62 elementor-section-boxed elementor-section-height-default elementor-section-height-default\" data-id=\"134bce62\" data-element_type=\"section\" data-settings=\"{&quot;background_background&quot;:&quot;classic&quot;}\">\n\t\t\t\t\t\t\t<div class=\"elementor-background-overlay\"><\/div>\n\t\t\t\t\t\t\t<div class=\"elementor-container elementor-column-gap-default\">\n\t\t\t\t\t\t\t<div class=\"elementor-row\">\n\t\t\t\t\t<div class=\"elementor-column elementor-col-100 elementor-top-column elementor-element elementor-element-3016db04\" data-id=\"3016db04\" data-element_type=\"column\">\n\t\t\t<div class=\"elementor-column-wrap elementor-element-populated\">\n\t\t\t\t\t\t\t<div class=\"elementor-widget-wrap\">\n\t\t\t\t\t\t<div class=\"elementor-element elementor-element-2ff2cdb2 elementor-invisible elementor-widget elementor-widget-heading\" data-id=\"2ff2cdb2\" data-element_type=\"widget\" data-settings=\"{&quot;_animation&quot;:&quot;fadeInUp&quot;}\" data-widget_type=\"heading.default\">\n\t\t\t\t<div class=\"elementor-widget-container\">\n\t\t\t<h2 class=\"elementor-heading-title elementor-size-default\">Assist\u00eancia T\u00e9cnica Judicial e Extrajudicial<\/h2>\t\t<\/div>\n\t\t\t\t<\/div>\n\t\t\t\t\t\t<\/div>\n\t\t\t\t\t<\/div>\n\t\t<\/div>\n\t\t\t\t\t\t\t\t<\/div>\n\t\t\t\t\t<\/div>\n\t\t<\/section>\n\t\t\t\t<section class=\"elementor-section elementor-top-section elementor-element elementor-element-2f588015 elementor-section-boxed elementor-section-height-default elementor-section-height-default\" data-id=\"2f588015\" data-element_type=\"section\">\n\t\t\t\t\t\t<div class=\"elementor-container elementor-column-gap-default\">\n\t\t\t\t\t\t\t<div class=\"elementor-row\">\n\t\t\t\t\t<div class=\"elementor-column elementor-col-50 elementor-top-column elementor-element elementor-element-785142b2\" data-id=\"785142b2\" data-element_type=\"column\">\n\t\t\t<div class=\"elementor-column-wrap elementor-element-populated\">\n\t\t\t\t\t\t\t<div class=\"elementor-widget-wrap\">\n\t\t\t\t\t\t<div class=\"elementor-element elementor-element-8938fb elementor-widget elementor-widget-heading\" data-id=\"8938fb\" data-element_type=\"widget\" data-widget_type=\"heading.default\">\n\t\t\t\t<div class=\"elementor-widget-container\">\n\t\t\t<h2 class=\"elementor-heading-title elementor-size-default\">Assist\u00eancia T\u00e9cnica Judicial e Extrajudicial<\/h2>\t\t<\/div>\n\t\t\t\t<\/div>\n\t\t\t\t<div class=\"elementor-element elementor-element-1122872 elementor-widget-divider--view-line elementor-widget elementor-widget-divider\" data-id=\"1122872\" data-element_type=\"widget\" data-widget_type=\"divider.default\">\n\t\t\t\t<div class=\"elementor-widget-container\">\n\t\t\t\t\t<div class=\"elementor-divider\">\n\t\t\t<span class=\"elementor-divider-separator\">\n\t\t\t\t\t\t<\/span>\n\t\t<\/div>\n\t\t\t\t<\/div>\n\t\t\t\t<\/div>\n\t\t\t\t<div class=\"elementor-element elementor-element-3f463f16 elementor-widget elementor-widget-text-editor\" data-id=\"3f463f16\" data-element_type=\"widget\" data-widget_type=\"text-editor.default\">\n\t\t\t\t<div class=\"elementor-widget-container\">\n\t\t\t\t\t<div class=\"elementor-text-editor elementor-clearfix\"><p>O Perito \u00e9 fundamental para que se alcance o melhor resultado em quest\u00f5es t\u00e9cnicas, antes de ingressar com uma a\u00e7\u00e3o Judicial\u00a0 ou nas discuss\u00f5es Judiciais e Extrajudiciais\u00a0 \u00e9 necessario o Parecer T\u00e9cnico, o Planejamento e os Quesitos T\u00e9cnicos, fundamentais para os devidos esclarecimentos perante o ju\u00edzo.<\/p><ul><li>Per\u00edcias Extrajudiciais<\/li><li>Assistente T\u00e9cnico \/ Laudos T\u00e9cnicos<\/li><li>Falhas Mec\u00e2nicas e El\u00e9tricas<\/li><li>Acidentes e Reclassifica\u00e7\u00e3o de monta<\/li><\/ul><\/div>\n\t\t\t\t<\/div>\n\t\t\t\t<\/div>\n\t\t\t\t\t\t<\/div>\n\t\t\t\t\t<\/div>\n\t\t<\/div>\n\t\t\t\t<div class=\"elementor-column elementor-col-50 elementor-top-column elementor-element elementor-element-6566033e\" data-id=\"6566033e\" data-element_type=\"column\">\n\t\t\t<div class=\"elementor-column-wrap elementor-element-populated\">\n\t\t\t\t\t\t\t<div class=\"elementor-widget-wrap\">\n\t\t\t\t\t\t<div class=\"elementor-element elementor-element-3a9743ed elementor-widget elementor-widget-image\" data-id=\"3a9743ed\" data-element_type=\"widget\" data-widget_type=\"image.default\">\n\t\t\t\t<div class=\"elementor-widget-container\">\n\t\t\t\t\t<div class=\"elementor-image\">\n\t\t\t\t\t\t\t\t\t\t<img loading=\"lazy\" decoding=\"async\" width=\"800\" height=\"534\" src=\"https:\/\/mottaweb.com.br\/celso\/wp-content\/uploads\/2021\/03\/imagem1-1024x684.jpg\" class=\"elementor-animation-bob attachment-large size-large\" alt=\"\" srcset=\"https:\/\/mottaweb.com.br\/celso\/wp-content\/uploads\/2021\/03\/imagem1-1024x684.jpg 1024w, https:\/\/mottaweb.com.br\/celso\/wp-content\/uploads\/2021\/03\/imagem1-300x200.jpg 300w, https:\/\/mottaweb.com.br\/celso\/wp-content\/uploads\/2021\/03\/imagem1-768x513.jpg 768w, https:\/\/mottaweb.com.br\/celso\/wp-content\/uploads\/2021\/03\/imagem1.jpg 1318w\" sizes=\"auto, (max-width: 800px) 100vw, 800px\" \/>\t\t\t\t\t\t\t\t\t\t\t<\/div>\n\t\t\t\t<\/div>\n\t\t\t\t<\/div>\n\t\t\t\t\t\t<\/div>\n\t\t\t\t\t<\/div>\n\t\t<\/div>\n\t\t\t\t\t\t\t\t<\/div>\n\t\t\t\t\t<\/div>\n\t\t<\/section>\n\t\t\t\t<section class=\"elementor-section elementor-top-section elementor-element elementor-element-3ec0dbaa elementor-section-full_width elementor-section-height-default elementor-section-height-default\" data-id=\"3ec0dbaa\" data-element_type=\"section\">\n\t\t\t\t\t\t<div class=\"elementor-container elementor-column-gap-default\">\n\t\t\t\t\t\t\t<div class=\"elementor-row\">\n\t\t\t\t\t<div class=\"elementor-column elementor-col-25 elementor-top-column elementor-element elementor-element-6042dc4c\" data-id=\"6042dc4c\" data-element_type=\"column\">\n\t\t\t<div class=\"elementor-column-wrap elementor-element-populated\">\n\t\t\t\t\t\t\t<div class=\"elementor-widget-wrap\">\n\t\t\t\t\t\t<div class=\"elementor-element elementor-element-2979aa7e elementor-widget elementor-widget-image\" data-id=\"2979aa7e\" data-element_type=\"widget\" data-widget_type=\"image.default\">\n\t\t\t\t<div class=\"elementor-widget-container\">\n\t\t\t\t\t<div class=\"elementor-image\">\n\t\t\t\t\t\t\t\t\t\t<img decoding=\"async\" src=\"https:\/\/mottaweb.com.br\/celso\/wp-content\/uploads\/elementor\/thumbs\/car-repair-service-small-p2whg6dajsn54kf1xm601lfnbbgkez3zrltbbg8qww.jpg\" title=\"car-repair-service-small.jpg\" alt=\"car-repair-service-small.jpg\" \/>\t\t\t\t\t\t\t\t\t\t\t<\/div>\n\t\t\t\t<\/div>\n\t\t\t\t<\/div>\n\t\t\t\t\t\t<\/div>\n\t\t\t\t\t<\/div>\n\t\t<\/div>\n\t\t\t\t<div class=\"elementor-column elementor-col-25 elementor-top-column elementor-element elementor-element-565f1552\" data-id=\"565f1552\" data-element_type=\"column\">\n\t\t\t<div class=\"elementor-column-wrap elementor-element-populated\">\n\t\t\t\t\t\t\t<div class=\"elementor-widget-wrap\">\n\t\t\t\t\t\t<div class=\"elementor-element elementor-element-60b96c01 elementor-widget elementor-widget-image\" data-id=\"60b96c01\" data-element_type=\"widget\" data-widget_type=\"image.default\">\n\t\t\t\t<div class=\"elementor-widget-container\">\n\t\t\t\t\t<div class=\"elementor-image\">\n\t\t\t\t\t\t\t\t\t\t<img decoding=\"async\" src=\"https:\/\/mottaweb.com.br\/celso\/wp-content\/uploads\/elementor\/thumbs\/modern-car-servicing-small-p2whg5fgcylusygf33rdh3o6pxl77a09fh5tu6a534.jpg\" title=\"modern-car-servicing-small.jpg\" alt=\"modern-car-servicing-small.jpg\" \/>\t\t\t\t\t\t\t\t\t\t\t<\/div>\n\t\t\t\t<\/div>\n\t\t\t\t<\/div>\n\t\t\t\t\t\t<\/div>\n\t\t\t\t\t<\/div>\n\t\t<\/div>\n\t\t\t\t<div class=\"elementor-column elementor-col-25 elementor-top-column elementor-element elementor-element-7454017\" data-id=\"7454017\" data-element_type=\"column\">\n\t\t\t<div class=\"elementor-column-wrap elementor-element-populated\">\n\t\t\t\t\t\t\t<div class=\"elementor-widget-wrap\">\n\t\t\t\t\t\t<div class=\"elementor-element elementor-element-43050578 elementor-widget elementor-widget-image\" data-id=\"43050578\" data-element_type=\"widget\" data-widget_type=\"image.default\">\n\t\t\t\t<div class=\"elementor-widget-container\">\n\t\t\t\t\t<div class=\"elementor-image\">\n\t\t\t\t\t\t\t\t\t\t<img decoding=\"async\" src=\"https:\/\/mottaweb.com.br\/celso\/wp-content\/uploads\/elementor\/thumbs\/worker-in-uniform-checks-engine-car-service-small-p2whg3jrzaja5qj5e2y4c459j5ugrvssr7uuvmcxfk.jpg\" title=\"worker-in-uniform-checks-engine-car-service-small.jpg\" alt=\"worker-in-uniform-checks-engine-car-service-small.jpg\" \/>\t\t\t\t\t\t\t\t\t\t\t<\/div>\n\t\t\t\t<\/div>\n\t\t\t\t<\/div>\n\t\t\t\t\t\t<\/div>\n\t\t\t\t\t<\/div>\n\t\t<\/div>\n\t\t\t\t<div class=\"elementor-column elementor-col-25 elementor-top-column elementor-element elementor-element-21f2a49e\" data-id=\"21f2a49e\" data-element_type=\"column\">\n\t\t\t<div class=\"elementor-column-wrap elementor-element-populated\">\n\t\t\t\t\t\t\t<div class=\"elementor-widget-wrap\">\n\t\t\t\t\t\t<div class=\"elementor-element elementor-element-227196e9 elementor-widget elementor-widget-image\" data-id=\"227196e9\" data-element_type=\"widget\" data-widget_type=\"image.default\">\n\t\t\t\t<div class=\"elementor-widget-container\">\n\t\t\t\t\t<div class=\"elementor-image\">\n\t\t\t\t\t\t\t\t\t\t<img decoding=\"async\" src=\"https:\/\/mottaweb.com.br\/celso\/wp-content\/uploads\/elementor\/thumbs\/car-mechanic-work-small-p2whf4rqyf7o85xo15wx9ux7jwlvv2yqafpw4dshts.jpg\" title=\"car-mechanic-work-small.jpg\" alt=\"car-mechanic-work-small.jpg\" \/>\t\t\t\t\t\t\t\t\t\t\t<\/div>\n\t\t\t\t<\/div>\n\t\t\t\t<\/div>\n\t\t\t\t\t\t<\/div>\n\t\t\t\t\t<\/div>\n\t\t<\/div>\n\t\t\t\t\t\t\t\t<\/div>\n\t\t\t\t\t<\/div>\n\t\t<\/section>\n\t\t\t\t\t\t<\/div>\n\t\t\t\t\t\t<\/div>\n\t\t\t\t\t<\/div>\n\t\t","protected":false},"excerpt":{"rendered":"<p>Assist\u00eancia T\u00e9cnica Judicial e Extrajudicial Assist\u00eancia T\u00e9cnica Judicial e Extrajudicial O Perito \u00e9 fundamental para que se alcance o melhor resultado em quest\u00f5es t\u00e9cnicas, antes de ingressar com uma a\u00e7\u00e3o Judicial\u00a0 ou nas discuss\u00f5es Judiciais e Extrajudiciais\u00a0 \u00e9 necessario o Parecer T\u00e9cnico, o Planejamento e os Quesitos T\u00e9cnicos, fundamentais para os devidos esclarecimentos perante o [&hellip;]<\/p>\n","protected":false},"author":1,"featured_media":0,"parent":0,"menu_order":0,"comment_status":"closed","ping_status":"closed","template":"","meta":{"footnotes":""},"class_list":["post-125","page","type-page","status-publish","hentry"],"_links":{"self":[{"href":"https:\/\/mottaweb.com.br\/celso\/wp-json\/wp\/v2\/pages\/125","targetHints":{"allow":["GET"]}}],"collection":[{"href":"https:\/\/mottaweb.com.br\/celso\/wp-json\/wp\/v2\/pages"}],"about":[{"href":"https:\/\/mottaweb.com.br\/celso\/wp-json\/wp\/v2\/types\/page"}],"author":[{"embeddable":true,"href":"https:\/\/mottaweb.com.br\/celso\/wp-json\/wp\/v2\/users\/1"}],"replies":[{"embeddable":true,"href":"https:\/\/mottaweb.com.br\/celso\/wp-json\/wp\/v2\/comments?post=125"}],"version-history":[{"count":19,"href":"https:\/\/mottaweb.com.br\/celso\/wp-json\/wp\/v2\/pages\/125\/revisions"}],"predecessor-version":[{"id":413,"href":"https:\/\/mottaweb.com.br\/celso\/wp-json\/wp\/v2\/pages\/125\/revisions\/413"}],"wp:attachment":[{"href":"https:\/\/mottaweb.com.br\/celso\/wp-json\/wp\/v2\/media?parent=125"}],"curies":[{"name":"wp","href":"https:\/\/api.w.org\/{rel}","templated":true}]}}