{"id":130,"date":"2021-02-18T23:45:16","date_gmt":"2021-02-19T02:45:16","guid":{"rendered":"https:\/\/mottaweb.com.br\/celso\/?page_id=130"},"modified":"2021-04-27T14:43:25","modified_gmt":"2021-04-27T17:43:25","slug":"car-hunters-compra-e-venda","status":"publish","type":"page","link":"https:\/\/mottaweb.com.br\/celso\/car-hunters-compra-e-venda\/","title":{"rendered":"Car Hunters (compra e venda)"},"content":{"rendered":"\t\t<div data-elementor-type=\"wp-page\" data-elementor-id=\"130\" class=\"elementor elementor-130\" data-elementor-settings=\"[]\">\n\t\t\t\t\t\t<div class=\"elementor-inner\">\n\t\t\t\t\t\t\t<div class=\"elementor-section-wrap\">\n\t\t\t\t\t\t\t<section class=\"elementor-section elementor-top-section elementor-element elementor-element-1ff47cac elementor-section-boxed elementor-section-height-default elementor-section-height-default\" data-id=\"1ff47cac\" data-element_type=\"section\" data-settings=\"{&quot;background_background&quot;:&quot;classic&quot;}\">\n\t\t\t\t\t\t\t<div class=\"elementor-background-overlay\"><\/div>\n\t\t\t\t\t\t\t<div class=\"elementor-container elementor-column-gap-default\">\n\t\t\t\t\t\t\t<div class=\"elementor-row\">\n\t\t\t\t\t<div class=\"elementor-column elementor-col-100 elementor-top-column elementor-element elementor-element-4c786568\" data-id=\"4c786568\" data-element_type=\"column\">\n\t\t\t<div class=\"elementor-column-wrap elementor-element-populated\">\n\t\t\t\t\t\t\t<div class=\"elementor-widget-wrap\">\n\t\t\t\t\t\t<div class=\"elementor-element elementor-element-16911a00 elementor-invisible elementor-widget elementor-widget-heading\" data-id=\"16911a00\" data-element_type=\"widget\" data-settings=\"{&quot;_animation&quot;:&quot;fadeInUp&quot;}\" data-widget_type=\"heading.default\">\n\t\t\t\t<div class=\"elementor-widget-container\">\n\t\t\t<h2 class=\"elementor-heading-title elementor-size-default\">Car Hunters (compra e venda)<\/h2>\t\t<\/div>\n\t\t\t\t<\/div>\n\t\t\t\t\t\t<\/div>\n\t\t\t\t\t<\/div>\n\t\t<\/div>\n\t\t\t\t\t\t\t\t<\/div>\n\t\t\t\t\t<\/div>\n\t\t<\/section>\n\t\t\t\t<section class=\"elementor-section elementor-top-section elementor-element elementor-element-7408bacb elementor-section-boxed elementor-section-height-default elementor-section-height-default\" data-id=\"7408bacb\" data-element_type=\"section\">\n\t\t\t\t\t\t<div class=\"elementor-container elementor-column-gap-default\">\n\t\t\t\t\t\t\t<div class=\"elementor-row\">\n\t\t\t\t\t<div class=\"elementor-column elementor-col-50 elementor-top-column elementor-element elementor-element-5afa72b4\" data-id=\"5afa72b4\" data-element_type=\"column\">\n\t\t\t<div class=\"elementor-column-wrap elementor-element-populated\">\n\t\t\t\t\t\t\t<div class=\"elementor-widget-wrap\">\n\t\t\t\t\t\t<div class=\"elementor-element elementor-element-6b7ad925 elementor-widget elementor-widget-heading\" data-id=\"6b7ad925\" data-element_type=\"widget\" data-widget_type=\"heading.default\">\n\t\t\t\t<div class=\"elementor-widget-container\">\n\t\t\t<h2 class=\"elementor-heading-title elementor-size-default\">Car Hunters (compra e venda)<\/h2>\t\t<\/div>\n\t\t\t\t<\/div>\n\t\t\t\t<div class=\"elementor-element elementor-element-4603d66 elementor-widget-divider--view-line elementor-widget elementor-widget-divider\" data-id=\"4603d66\" data-element_type=\"widget\" data-widget_type=\"divider.default\">\n\t\t\t\t<div class=\"elementor-widget-container\">\n\t\t\t\t\t<div class=\"elementor-divider\">\n\t\t\t<span class=\"elementor-divider-separator\">\n\t\t\t\t\t\t<\/span>\n\t\t<\/div>\n\t\t\t\t<\/div>\n\t\t\t\t<\/div>\n\t\t\t\t<div class=\"elementor-element elementor-element-f7e37c elementor-widget elementor-widget-text-editor\" data-id=\"f7e37c\" data-element_type=\"widget\" data-widget_type=\"text-editor.default\">\n\t\t\t\t<div class=\"elementor-widget-container\">\n\t\t\t\t\t<div class=\"elementor-text-editor elementor-clearfix\"><p>Principal objetivo \u00e9 ajudar pessoas e empresas a comprarem carros com transpar\u00eancia e seguran\u00e7a, mesmo que a dist\u00e2ncia. E dedicamos a cuidar da sa\u00fade do seu carro enquanto voc\u00ea cuida da sua.<\/p><ul><li>Assessoria de Compra e Venda<\/li><li>Determina\u00e7\u00e3o T\u00e9cnica de Valor<\/li><li>Avalia\u00e7\u00e3o da Pintura<\/li><li>Personal Car<\/li><\/ul><\/div>\n\t\t\t\t<\/div>\n\t\t\t\t<\/div>\n\t\t\t\t\t\t<\/div>\n\t\t\t\t\t<\/div>\n\t\t<\/div>\n\t\t\t\t<div class=\"elementor-column elementor-col-50 elementor-top-column elementor-element elementor-element-6aeb9a42\" data-id=\"6aeb9a42\" data-element_type=\"column\">\n\t\t\t<div class=\"elementor-column-wrap elementor-element-populated\">\n\t\t\t\t\t\t\t<div class=\"elementor-widget-wrap\">\n\t\t\t\t\t\t<div class=\"elementor-element elementor-element-deb2c28 elementor-widget elementor-widget-image\" data-id=\"deb2c28\" data-element_type=\"widget\" data-widget_type=\"image.default\">\n\t\t\t\t<div class=\"elementor-widget-container\">\n\t\t\t\t\t<div class=\"elementor-image\">\n\t\t\t\t\t\t\t\t\t\t<img loading=\"lazy\" decoding=\"async\" width=\"800\" height=\"534\" src=\"https:\/\/mottaweb.com.br\/celso\/wp-content\/uploads\/2021\/03\/imagem7-1024x684.jpg\" class=\"elementor-animation-bob attachment-large size-large\" alt=\"\" srcset=\"https:\/\/mottaweb.com.br\/celso\/wp-content\/uploads\/2021\/03\/imagem7-1024x684.jpg 1024w, https:\/\/mottaweb.com.br\/celso\/wp-content\/uploads\/2021\/03\/imagem7-300x200.jpg 300w, https:\/\/mottaweb.com.br\/celso\/wp-content\/uploads\/2021\/03\/imagem7-768x513.jpg 768w, https:\/\/mottaweb.com.br\/celso\/wp-content\/uploads\/2021\/03\/imagem7.jpg 1318w\" sizes=\"auto, (max-width: 800px) 100vw, 800px\" \/>\t\t\t\t\t\t\t\t\t\t\t<\/div>\n\t\t\t\t<\/div>\n\t\t\t\t<\/div>\n\t\t\t\t\t\t<\/div>\n\t\t\t\t\t<\/div>\n\t\t<\/div>\n\t\t\t\t\t\t\t\t<\/div>\n\t\t\t\t\t<\/div>\n\t\t<\/section>\n\t\t\t\t<section class=\"elementor-section elementor-top-section elementor-element elementor-element-53fdeedf elementor-section-full_width elementor-section-height-default elementor-section-height-default\" data-id=\"53fdeedf\" data-element_type=\"section\">\n\t\t\t\t\t\t<div class=\"elementor-container elementor-column-gap-default\">\n\t\t\t\t\t\t\t<div class=\"elementor-row\">\n\t\t\t\t\t<div class=\"elementor-column elementor-col-25 elementor-top-column elementor-element elementor-element-2c980512\" data-id=\"2c980512\" data-element_type=\"column\">\n\t\t\t<div class=\"elementor-column-wrap elementor-element-populated\">\n\t\t\t\t\t\t\t<div class=\"elementor-widget-wrap\">\n\t\t\t\t\t\t<div class=\"elementor-element elementor-element-641d3a48 elementor-widget elementor-widget-image\" data-id=\"641d3a48\" data-element_type=\"widget\" data-widget_type=\"image.default\">\n\t\t\t\t<div class=\"elementor-widget-container\">\n\t\t\t\t\t<div class=\"elementor-image\">\n\t\t\t\t\t\t\t\t\t\t<img decoding=\"async\" src=\"https:\/\/mottaweb.com.br\/celso\/wp-content\/uploads\/elementor\/thumbs\/car-repair-service-small-p2whg6dajsn54kf1xm601lfnbbgkez3zrltbbg8qww.jpg\" title=\"car-repair-service-small.jpg\" alt=\"car-repair-service-small.jpg\" \/>\t\t\t\t\t\t\t\t\t\t\t<\/div>\n\t\t\t\t<\/div>\n\t\t\t\t<\/div>\n\t\t\t\t\t\t<\/div>\n\t\t\t\t\t<\/div>\n\t\t<\/div>\n\t\t\t\t<div class=\"elementor-column elementor-col-25 elementor-top-column elementor-element elementor-element-23be8ae0\" data-id=\"23be8ae0\" data-element_type=\"column\">\n\t\t\t<div class=\"elementor-column-wrap elementor-element-populated\">\n\t\t\t\t\t\t\t<div class=\"elementor-widget-wrap\">\n\t\t\t\t\t\t<div class=\"elementor-element elementor-element-1952492d elementor-widget elementor-widget-image\" data-id=\"1952492d\" data-element_type=\"widget\" data-widget_type=\"image.default\">\n\t\t\t\t<div class=\"elementor-widget-container\">\n\t\t\t\t\t<div class=\"elementor-image\">\n\t\t\t\t\t\t\t\t\t\t<img decoding=\"async\" src=\"https:\/\/mottaweb.com.br\/celso\/wp-content\/uploads\/elementor\/thumbs\/modern-car-servicing-small-p2whg5fgcylusygf33rdh3o6pxl77a09fh5tu6a534.jpg\" title=\"modern-car-servicing-small.jpg\" alt=\"modern-car-servicing-small.jpg\" \/>\t\t\t\t\t\t\t\t\t\t\t<\/div>\n\t\t\t\t<\/div>\n\t\t\t\t<\/div>\n\t\t\t\t\t\t<\/div>\n\t\t\t\t\t<\/div>\n\t\t<\/div>\n\t\t\t\t<div class=\"elementor-column elementor-col-25 elementor-top-column elementor-element elementor-element-7dadee77\" data-id=\"7dadee77\" data-element_type=\"column\">\n\t\t\t<div class=\"elementor-column-wrap elementor-element-populated\">\n\t\t\t\t\t\t\t<div class=\"elementor-widget-wrap\">\n\t\t\t\t\t\t<div class=\"elementor-element elementor-element-b3ee46f elementor-widget elementor-widget-image\" data-id=\"b3ee46f\" data-element_type=\"widget\" data-widget_type=\"image.default\">\n\t\t\t\t<div class=\"elementor-widget-container\">\n\t\t\t\t\t<div class=\"elementor-image\">\n\t\t\t\t\t\t\t\t\t\t<img decoding=\"async\" src=\"https:\/\/mottaweb.com.br\/celso\/wp-content\/uploads\/elementor\/thumbs\/worker-in-uniform-checks-engine-car-service-small-p2whg3jrzaja5qj5e2y4c459j5ugrvssr7uuvmcxfk.jpg\" title=\"worker-in-uniform-checks-engine-car-service-small.jpg\" alt=\"worker-in-uniform-checks-engine-car-service-small.jpg\" \/>\t\t\t\t\t\t\t\t\t\t\t<\/div>\n\t\t\t\t<\/div>\n\t\t\t\t<\/div>\n\t\t\t\t\t\t<\/div>\n\t\t\t\t\t<\/div>\n\t\t<\/div>\n\t\t\t\t<div class=\"elementor-column elementor-col-25 elementor-top-column elementor-element elementor-element-3a4ecd5\" data-id=\"3a4ecd5\" data-element_type=\"column\">\n\t\t\t<div class=\"elementor-column-wrap elementor-element-populated\">\n\t\t\t\t\t\t\t<div class=\"elementor-widget-wrap\">\n\t\t\t\t\t\t<div class=\"elementor-element elementor-element-6b3d9ec8 elementor-widget elementor-widget-image\" data-id=\"6b3d9ec8\" data-element_type=\"widget\" data-widget_type=\"image.default\">\n\t\t\t\t<div class=\"elementor-widget-container\">\n\t\t\t\t\t<div class=\"elementor-image\">\n\t\t\t\t\t\t\t\t\t\t<img decoding=\"async\" src=\"https:\/\/mottaweb.com.br\/celso\/wp-content\/uploads\/elementor\/thumbs\/car-mechanic-work-small-p2whf4rqyf7o85xo15wx9ux7jwlvv2yqafpw4dshts.jpg\" title=\"car-mechanic-work-small.jpg\" alt=\"car-mechanic-work-small.jpg\" \/>\t\t\t\t\t\t\t\t\t\t\t<\/div>\n\t\t\t\t<\/div>\n\t\t\t\t<\/div>\n\t\t\t\t\t\t<\/div>\n\t\t\t\t\t<\/div>\n\t\t<\/div>\n\t\t\t\t\t\t\t\t<\/div>\n\t\t\t\t\t<\/div>\n\t\t<\/section>\n\t\t\t\t\t\t<\/div>\n\t\t\t\t\t\t<\/div>\n\t\t\t\t\t<\/div>\n\t\t","protected":false},"excerpt":{"rendered":"<p>Car Hunters (compra e venda) Car Hunters (compra e venda) Principal objetivo \u00e9 ajudar pessoas e empresas a comprarem carros com transpar\u00eancia e seguran\u00e7a, mesmo que a dist\u00e2ncia. E dedicamos a cuidar da sa\u00fade do seu carro enquanto voc\u00ea cuida da sua. Assessoria de Compra e Venda Determina\u00e7\u00e3o T\u00e9cnica de Valor Avalia\u00e7\u00e3o da Pintura Personal [&hellip;]<\/p>\n","protected":false},"author":1,"featured_media":0,"parent":0,"menu_order":0,"comment_status":"closed","ping_status":"closed","template":"","meta":{"footnotes":""},"class_list":["post-130","page","type-page","status-publish","hentry"],"_links":{"self":[{"href":"https:\/\/mottaweb.com.br\/celso\/wp-json\/wp\/v2\/pages\/130","targetHints":{"allow":["GET"]}}],"collection":[{"href":"https:\/\/mottaweb.com.br\/celso\/wp-json\/wp\/v2\/pages"}],"about":[{"href":"https:\/\/mottaweb.com.br\/celso\/wp-json\/wp\/v2\/types\/page"}],"author":[{"embeddable":true,"href":"https:\/\/mottaweb.com.br\/celso\/wp-json\/wp\/v2\/users\/1"}],"replies":[{"embeddable":true,"href":"https:\/\/mottaweb.com.br\/celso\/wp-json\/wp\/v2\/comments?post=130"}],"version-history":[{"count":16,"href":"https:\/\/mottaweb.com.br\/celso\/wp-json\/wp\/v2\/pages\/130\/revisions"}],"predecessor-version":[{"id":410,"href":"https:\/\/mottaweb.com.br\/celso\/wp-json\/wp\/v2\/pages\/130\/revisions\/410"}],"wp:attachment":[{"href":"https:\/\/mottaweb.com.br\/celso\/wp-json\/wp\/v2\/media?parent=130"}],"curies":[{"name":"wp","href":"https:\/\/api.w.org\/{rel}","templated":true}]}}