{"id":135,"date":"2021-02-18T23:47:09","date_gmt":"2021-02-19T02:47:09","guid":{"rendered":"https:\/\/mottaweb.com.br\/celso\/?page_id=135"},"modified":"2021-04-27T14:42:53","modified_gmt":"2021-04-27T17:42:53","slug":"consultoria-automotiva","status":"publish","type":"page","link":"https:\/\/mottaweb.com.br\/celso\/consultoria-automotiva\/","title":{"rendered":"Consultoria Automotiva"},"content":{"rendered":"\t\t<div data-elementor-type=\"wp-page\" data-elementor-id=\"135\" class=\"elementor elementor-135\" data-elementor-settings=\"[]\">\n\t\t\t\t\t\t<div class=\"elementor-inner\">\n\t\t\t\t\t\t\t<div class=\"elementor-section-wrap\">\n\t\t\t\t\t\t\t<section class=\"elementor-section elementor-top-section elementor-element elementor-element-3872b0e7 elementor-section-boxed elementor-section-height-default elementor-section-height-default\" data-id=\"3872b0e7\" data-element_type=\"section\" data-settings=\"{&quot;background_background&quot;:&quot;classic&quot;}\">\n\t\t\t\t\t\t\t<div class=\"elementor-background-overlay\"><\/div>\n\t\t\t\t\t\t\t<div class=\"elementor-container elementor-column-gap-default\">\n\t\t\t\t\t\t\t<div class=\"elementor-row\">\n\t\t\t\t\t<div class=\"elementor-column elementor-col-100 elementor-top-column elementor-element elementor-element-29a3fbb0\" data-id=\"29a3fbb0\" data-element_type=\"column\">\n\t\t\t<div class=\"elementor-column-wrap elementor-element-populated\">\n\t\t\t\t\t\t\t<div class=\"elementor-widget-wrap\">\n\t\t\t\t\t\t<div class=\"elementor-element elementor-element-72a27699 elementor-invisible elementor-widget elementor-widget-heading\" data-id=\"72a27699\" data-element_type=\"widget\" data-settings=\"{&quot;_animation&quot;:&quot;fadeInUp&quot;}\" data-widget_type=\"heading.default\">\n\t\t\t\t<div class=\"elementor-widget-container\">\n\t\t\t<h2 class=\"elementor-heading-title elementor-size-default\">Consultoria Automotiva<\/h2>\t\t<\/div>\n\t\t\t\t<\/div>\n\t\t\t\t\t\t<\/div>\n\t\t\t\t\t<\/div>\n\t\t<\/div>\n\t\t\t\t\t\t\t\t<\/div>\n\t\t\t\t\t<\/div>\n\t\t<\/section>\n\t\t\t\t<section class=\"elementor-section elementor-top-section elementor-element elementor-element-4704e6a4 elementor-section-boxed elementor-section-height-default elementor-section-height-default\" data-id=\"4704e6a4\" data-element_type=\"section\">\n\t\t\t\t\t\t<div class=\"elementor-container elementor-column-gap-default\">\n\t\t\t\t\t\t\t<div class=\"elementor-row\">\n\t\t\t\t\t<div class=\"elementor-column elementor-col-50 elementor-top-column elementor-element elementor-element-3b843e3d\" data-id=\"3b843e3d\" data-element_type=\"column\">\n\t\t\t<div class=\"elementor-column-wrap elementor-element-populated\">\n\t\t\t\t\t\t\t<div class=\"elementor-widget-wrap\">\n\t\t\t\t\t\t<div class=\"elementor-element elementor-element-37e582b6 elementor-widget elementor-widget-heading\" data-id=\"37e582b6\" data-element_type=\"widget\" data-widget_type=\"heading.default\">\n\t\t\t\t<div class=\"elementor-widget-container\">\n\t\t\t<h2 class=\"elementor-heading-title elementor-size-default\">Consultoria Automotiva<\/h2>\t\t<\/div>\n\t\t\t\t<\/div>\n\t\t\t\t<div class=\"elementor-element elementor-element-588166df elementor-widget-divider--view-line elementor-widget elementor-widget-divider\" data-id=\"588166df\" data-element_type=\"widget\" data-widget_type=\"divider.default\">\n\t\t\t\t<div class=\"elementor-widget-container\">\n\t\t\t\t\t<div class=\"elementor-divider\">\n\t\t\t<span class=\"elementor-divider-separator\">\n\t\t\t\t\t\t<\/span>\n\t\t<\/div>\n\t\t\t\t<\/div>\n\t\t\t\t<\/div>\n\t\t\t\t<div class=\"elementor-element elementor-element-4e01e068 elementor-widget elementor-widget-text-editor\" data-id=\"4e01e068\" data-element_type=\"widget\" data-widget_type=\"text-editor.default\">\n\t\t\t\t<div class=\"elementor-widget-container\">\n\t\t\t\t\t<div class=\"elementor-text-editor elementor-clearfix\"><p>Com vasto conhecimento do mercado automotivo, de concessionarias e de oficinas, orientamos sua empresa em como equilibrar os resultados financeiros e em como se tornar um empres\u00e1rio bem sucedido da repara\u00e7\u00e3o automotiva.\u00a0<\/p><ul><li>An\u00e1lise T\u00e9cnica da sua oficina ou concessionaria<\/li><li>Avalia\u00e7\u00e3o e Raio X do seu neg\u00f3cio<\/li><li>Recomenda\u00e7\u00f5es e ajustes<\/li><\/ul><\/div>\n\t\t\t\t<\/div>\n\t\t\t\t<\/div>\n\t\t\t\t\t\t<\/div>\n\t\t\t\t\t<\/div>\n\t\t<\/div>\n\t\t\t\t<div class=\"elementor-column elementor-col-50 elementor-top-column elementor-element elementor-element-5a338888\" data-id=\"5a338888\" data-element_type=\"column\">\n\t\t\t<div class=\"elementor-column-wrap elementor-element-populated\">\n\t\t\t\t\t\t\t<div class=\"elementor-widget-wrap\">\n\t\t\t\t\t\t<div class=\"elementor-element elementor-element-702f0442 elementor-widget elementor-widget-image\" data-id=\"702f0442\" data-element_type=\"widget\" data-widget_type=\"image.default\">\n\t\t\t\t<div class=\"elementor-widget-container\">\n\t\t\t\t\t<div class=\"elementor-image\">\n\t\t\t\t\t\t\t\t\t\t<img loading=\"lazy\" decoding=\"async\" width=\"800\" height=\"534\" src=\"https:\/\/mottaweb.com.br\/celso\/wp-content\/uploads\/2021\/03\/imagem9-1024x684.jpg\" class=\"elementor-animation-bob attachment-large size-large\" alt=\"\" srcset=\"https:\/\/mottaweb.com.br\/celso\/wp-content\/uploads\/2021\/03\/imagem9-1024x684.jpg 1024w, https:\/\/mottaweb.com.br\/celso\/wp-content\/uploads\/2021\/03\/imagem9-300x200.jpg 300w, https:\/\/mottaweb.com.br\/celso\/wp-content\/uploads\/2021\/03\/imagem9-768x513.jpg 768w, https:\/\/mottaweb.com.br\/celso\/wp-content\/uploads\/2021\/03\/imagem9.jpg 1318w\" sizes=\"auto, (max-width: 800px) 100vw, 800px\" \/>\t\t\t\t\t\t\t\t\t\t\t<\/div>\n\t\t\t\t<\/div>\n\t\t\t\t<\/div>\n\t\t\t\t\t\t<\/div>\n\t\t\t\t\t<\/div>\n\t\t<\/div>\n\t\t\t\t\t\t\t\t<\/div>\n\t\t\t\t\t<\/div>\n\t\t<\/section>\n\t\t\t\t<section class=\"elementor-section elementor-top-section elementor-element elementor-element-af31b3c elementor-section-full_width elementor-section-height-default elementor-section-height-default\" data-id=\"af31b3c\" data-element_type=\"section\">\n\t\t\t\t\t\t<div class=\"elementor-container elementor-column-gap-default\">\n\t\t\t\t\t\t\t<div class=\"elementor-row\">\n\t\t\t\t\t<div class=\"elementor-column elementor-col-25 elementor-top-column elementor-element elementor-element-1fa210f5\" data-id=\"1fa210f5\" data-element_type=\"column\">\n\t\t\t<div class=\"elementor-column-wrap elementor-element-populated\">\n\t\t\t\t\t\t\t<div class=\"elementor-widget-wrap\">\n\t\t\t\t\t\t<div class=\"elementor-element elementor-element-299323a5 elementor-widget elementor-widget-image\" data-id=\"299323a5\" data-element_type=\"widget\" data-widget_type=\"image.default\">\n\t\t\t\t<div class=\"elementor-widget-container\">\n\t\t\t\t\t<div class=\"elementor-image\">\n\t\t\t\t\t\t\t\t\t\t<img decoding=\"async\" src=\"https:\/\/mottaweb.com.br\/celso\/wp-content\/uploads\/elementor\/thumbs\/car-repair-service-small-p2whg6dajsn54kf1xm601lfnbbgkez3zrltbbg8qww.jpg\" title=\"car-repair-service-small.jpg\" alt=\"car-repair-service-small.jpg\" \/>\t\t\t\t\t\t\t\t\t\t\t<\/div>\n\t\t\t\t<\/div>\n\t\t\t\t<\/div>\n\t\t\t\t\t\t<\/div>\n\t\t\t\t\t<\/div>\n\t\t<\/div>\n\t\t\t\t<div class=\"elementor-column elementor-col-25 elementor-top-column elementor-element elementor-element-76690eb6\" data-id=\"76690eb6\" data-element_type=\"column\">\n\t\t\t<div class=\"elementor-column-wrap elementor-element-populated\">\n\t\t\t\t\t\t\t<div class=\"elementor-widget-wrap\">\n\t\t\t\t\t\t<div class=\"elementor-element elementor-element-426b55c6 elementor-widget elementor-widget-image\" data-id=\"426b55c6\" data-element_type=\"widget\" data-widget_type=\"image.default\">\n\t\t\t\t<div class=\"elementor-widget-container\">\n\t\t\t\t\t<div class=\"elementor-image\">\n\t\t\t\t\t\t\t\t\t\t<img decoding=\"async\" src=\"https:\/\/mottaweb.com.br\/celso\/wp-content\/uploads\/elementor\/thumbs\/modern-car-servicing-small-p2whg5fgcylusygf33rdh3o6pxl77a09fh5tu6a534.jpg\" title=\"modern-car-servicing-small.jpg\" alt=\"modern-car-servicing-small.jpg\" \/>\t\t\t\t\t\t\t\t\t\t\t<\/div>\n\t\t\t\t<\/div>\n\t\t\t\t<\/div>\n\t\t\t\t\t\t<\/div>\n\t\t\t\t\t<\/div>\n\t\t<\/div>\n\t\t\t\t<div class=\"elementor-column elementor-col-25 elementor-top-column elementor-element elementor-element-30cacd59\" data-id=\"30cacd59\" data-element_type=\"column\">\n\t\t\t<div class=\"elementor-column-wrap elementor-element-populated\">\n\t\t\t\t\t\t\t<div class=\"elementor-widget-wrap\">\n\t\t\t\t\t\t<div class=\"elementor-element elementor-element-5a737e6b elementor-widget elementor-widget-image\" data-id=\"5a737e6b\" data-element_type=\"widget\" data-widget_type=\"image.default\">\n\t\t\t\t<div class=\"elementor-widget-container\">\n\t\t\t\t\t<div class=\"elementor-image\">\n\t\t\t\t\t\t\t\t\t\t<img decoding=\"async\" src=\"https:\/\/mottaweb.com.br\/celso\/wp-content\/uploads\/elementor\/thumbs\/worker-in-uniform-checks-engine-car-service-small-p2whg3jrzaja5qj5e2y4c459j5ugrvssr7uuvmcxfk.jpg\" title=\"worker-in-uniform-checks-engine-car-service-small.jpg\" alt=\"worker-in-uniform-checks-engine-car-service-small.jpg\" \/>\t\t\t\t\t\t\t\t\t\t\t<\/div>\n\t\t\t\t<\/div>\n\t\t\t\t<\/div>\n\t\t\t\t\t\t<\/div>\n\t\t\t\t\t<\/div>\n\t\t<\/div>\n\t\t\t\t<div class=\"elementor-column elementor-col-25 elementor-top-column elementor-element elementor-element-5210ff4e\" data-id=\"5210ff4e\" data-element_type=\"column\">\n\t\t\t<div class=\"elementor-column-wrap elementor-element-populated\">\n\t\t\t\t\t\t\t<div class=\"elementor-widget-wrap\">\n\t\t\t\t\t\t<div class=\"elementor-element elementor-element-5f887350 elementor-widget elementor-widget-image\" data-id=\"5f887350\" data-element_type=\"widget\" data-widget_type=\"image.default\">\n\t\t\t\t<div class=\"elementor-widget-container\">\n\t\t\t\t\t<div class=\"elementor-image\">\n\t\t\t\t\t\t\t\t\t\t<img decoding=\"async\" src=\"https:\/\/mottaweb.com.br\/celso\/wp-content\/uploads\/elementor\/thumbs\/car-mechanic-work-small-p2whf4rqyf7o85xo15wx9ux7jwlvv2yqafpw4dshts.jpg\" title=\"car-mechanic-work-small.jpg\" alt=\"car-mechanic-work-small.jpg\" \/>\t\t\t\t\t\t\t\t\t\t\t<\/div>\n\t\t\t\t<\/div>\n\t\t\t\t<\/div>\n\t\t\t\t\t\t<\/div>\n\t\t\t\t\t<\/div>\n\t\t<\/div>\n\t\t\t\t\t\t\t\t<\/div>\n\t\t\t\t\t<\/div>\n\t\t<\/section>\n\t\t\t\t\t\t<\/div>\n\t\t\t\t\t\t<\/div>\n\t\t\t\t\t<\/div>\n\t\t","protected":false},"excerpt":{"rendered":"<p>Consultoria Automotiva Consultoria Automotiva Com vasto conhecimento do mercado automotivo, de concessionarias e de oficinas, orientamos sua empresa em como equilibrar os resultados financeiros e em como se tornar um empres\u00e1rio bem sucedido da repara\u00e7\u00e3o automotiva.\u00a0 An\u00e1lise T\u00e9cnica da sua oficina ou concessionaria Avalia\u00e7\u00e3o e Raio X do seu neg\u00f3cio Recomenda\u00e7\u00f5es e ajustes<\/p>\n","protected":false},"author":1,"featured_media":0,"parent":0,"menu_order":0,"comment_status":"closed","ping_status":"closed","template":"","meta":{"footnotes":""},"class_list":["post-135","page","type-page","status-publish","hentry"],"_links":{"self":[{"href":"https:\/\/mottaweb.com.br\/celso\/wp-json\/wp\/v2\/pages\/135","targetHints":{"allow":["GET"]}}],"collection":[{"href":"https:\/\/mottaweb.com.br\/celso\/wp-json\/wp\/v2\/pages"}],"about":[{"href":"https:\/\/mottaweb.com.br\/celso\/wp-json\/wp\/v2\/types\/page"}],"author":[{"embeddable":true,"href":"https:\/\/mottaweb.com.br\/celso\/wp-json\/wp\/v2\/users\/1"}],"replies":[{"embeddable":true,"href":"https:\/\/mottaweb.com.br\/celso\/wp-json\/wp\/v2\/comments?post=135"}],"version-history":[{"count":16,"href":"https:\/\/mottaweb.com.br\/celso\/wp-json\/wp\/v2\/pages\/135\/revisions"}],"predecessor-version":[{"id":407,"href":"https:\/\/mottaweb.com.br\/celso\/wp-json\/wp\/v2\/pages\/135\/revisions\/407"}],"wp:attachment":[{"href":"https:\/\/mottaweb.com.br\/celso\/wp-json\/wp\/v2\/media?parent=135"}],"curies":[{"name":"wp","href":"https:\/\/api.w.org\/{rel}","templated":true}]}}