{"id":147,"date":"2021-02-18T23:54:28","date_gmt":"2021-02-19T02:54:28","guid":{"rendered":"https:\/\/mottaweb.com.br\/celso\/?page_id=147"},"modified":"2021-04-27T14:39:35","modified_gmt":"2021-04-27T17:39:35","slug":"sobre-nos","status":"publish","type":"page","link":"https:\/\/mottaweb.com.br\/celso\/sobre-nos\/","title":{"rendered":"Sobre N\u00f3s"},"content":{"rendered":"\t\t<div data-elementor-type=\"wp-page\" data-elementor-id=\"147\" class=\"elementor elementor-147\" data-elementor-settings=\"[]\">\n\t\t\t\t\t\t<div class=\"elementor-inner\">\n\t\t\t\t\t\t\t<div class=\"elementor-section-wrap\">\n\t\t\t\t\t\t\t<section class=\"elementor-section elementor-top-section elementor-element elementor-element-44029bc9 elementor-section-boxed elementor-section-height-default elementor-section-height-default\" data-id=\"44029bc9\" data-element_type=\"section\" data-settings=\"{&quot;background_background&quot;:&quot;classic&quot;}\">\n\t\t\t\t\t\t\t<div class=\"elementor-background-overlay\"><\/div>\n\t\t\t\t\t\t\t<div class=\"elementor-container elementor-column-gap-default\">\n\t\t\t\t\t\t\t<div class=\"elementor-row\">\n\t\t\t\t\t<div class=\"elementor-column elementor-col-100 elementor-top-column elementor-element elementor-element-b9e8971\" data-id=\"b9e8971\" data-element_type=\"column\">\n\t\t\t<div class=\"elementor-column-wrap elementor-element-populated\">\n\t\t\t\t\t\t\t<div class=\"elementor-widget-wrap\">\n\t\t\t\t\t\t<div class=\"elementor-element elementor-element-7c6d1b0 elementor-invisible elementor-widget elementor-widget-heading\" data-id=\"7c6d1b0\" data-element_type=\"widget\" data-settings=\"{&quot;_animation&quot;:&quot;fadeInUp&quot;}\" data-widget_type=\"heading.default\">\n\t\t\t\t<div class=\"elementor-widget-container\">\n\t\t\t<h2 class=\"elementor-heading-title elementor-size-default\">Sobre N\u00f3s<\/h2>\t\t<\/div>\n\t\t\t\t<\/div>\n\t\t\t\t\t\t<\/div>\n\t\t\t\t\t<\/div>\n\t\t<\/div>\n\t\t\t\t\t\t\t\t<\/div>\n\t\t\t\t\t<\/div>\n\t\t<\/section>\n\t\t\t\t<section class=\"elementor-section elementor-top-section elementor-element elementor-element-516e9da7 elementor-section-boxed elementor-section-height-default elementor-section-height-default\" data-id=\"516e9da7\" data-element_type=\"section\">\n\t\t\t\t\t\t<div class=\"elementor-container elementor-column-gap-default\">\n\t\t\t\t\t\t\t<div class=\"elementor-row\">\n\t\t\t\t\t<div class=\"elementor-column elementor-col-50 elementor-top-column elementor-element elementor-element-284627de\" data-id=\"284627de\" data-element_type=\"column\">\n\t\t\t<div class=\"elementor-column-wrap elementor-element-populated\">\n\t\t\t\t\t\t\t<div class=\"elementor-widget-wrap\">\n\t\t\t\t\t\t<section class=\"elementor-section elementor-inner-section elementor-element elementor-element-19c5b943 elementor-section-boxed elementor-section-height-default elementor-section-height-default\" data-id=\"19c5b943\" data-element_type=\"section\">\n\t\t\t\t\t\t<div class=\"elementor-container elementor-column-gap-default\">\n\t\t\t\t\t\t\t<div class=\"elementor-row\">\n\t\t\t\t\t<div class=\"elementor-column elementor-col-50 elementor-inner-column elementor-element elementor-element-5f02a8dc\" data-id=\"5f02a8dc\" data-element_type=\"column\">\n\t\t\t<div class=\"elementor-column-wrap elementor-element-populated\">\n\t\t\t\t\t\t\t<div class=\"elementor-widget-wrap\">\n\t\t\t\t\t\t<div class=\"elementor-element elementor-element-11d6102 elementor-widget elementor-widget-spacer\" data-id=\"11d6102\" data-element_type=\"widget\" data-widget_type=\"spacer.default\">\n\t\t\t\t<div class=\"elementor-widget-container\">\n\t\t\t\t\t<div class=\"elementor-spacer\">\n\t\t\t<div class=\"elementor-spacer-inner\"><\/div>\n\t\t<\/div>\n\t\t\t\t<\/div>\n\t\t\t\t<\/div>\n\t\t\t\t<div class=\"elementor-element elementor-element-2592f575 elementor-widget elementor-widget-image\" data-id=\"2592f575\" data-element_type=\"widget\" data-widget_type=\"image.default\">\n\t\t\t\t<div class=\"elementor-widget-container\">\n\t\t\t\t\t<div class=\"elementor-image\">\n\t\t\t\t\t\t\t\t\t\t<img loading=\"lazy\" decoding=\"async\" width=\"800\" height=\"534\" src=\"https:\/\/mottaweb.com.br\/celso\/wp-content\/uploads\/2021\/03\/imagem7-1024x684.jpg\" class=\"elementor-animation-bob attachment-large size-large\" alt=\"\" srcset=\"https:\/\/mottaweb.com.br\/celso\/wp-content\/uploads\/2021\/03\/imagem7-1024x684.jpg 1024w, https:\/\/mottaweb.com.br\/celso\/wp-content\/uploads\/2021\/03\/imagem7-300x200.jpg 300w, https:\/\/mottaweb.com.br\/celso\/wp-content\/uploads\/2021\/03\/imagem7-768x513.jpg 768w, https:\/\/mottaweb.com.br\/celso\/wp-content\/uploads\/2021\/03\/imagem7.jpg 1318w\" sizes=\"auto, (max-width: 800px) 100vw, 800px\" \/>\t\t\t\t\t\t\t\t\t\t\t<\/div>\n\t\t\t\t<\/div>\n\t\t\t\t<\/div>\n\t\t\t\t<div class=\"elementor-element elementor-element-968eadf elementor-widget elementor-widget-image\" data-id=\"968eadf\" data-element_type=\"widget\" data-widget_type=\"image.default\">\n\t\t\t\t<div class=\"elementor-widget-container\">\n\t\t\t\t\t<div class=\"elementor-image\">\n\t\t\t\t\t\t\t\t\t\t<img loading=\"lazy\" decoding=\"async\" width=\"800\" height=\"534\" src=\"https:\/\/mottaweb.com.br\/celso\/wp-content\/uploads\/2021\/03\/imagem9-1024x684.jpg\" class=\"elementor-animation-bob attachment-large size-large\" alt=\"\" srcset=\"https:\/\/mottaweb.com.br\/celso\/wp-content\/uploads\/2021\/03\/imagem9-1024x684.jpg 1024w, https:\/\/mottaweb.com.br\/celso\/wp-content\/uploads\/2021\/03\/imagem9-300x200.jpg 300w, https:\/\/mottaweb.com.br\/celso\/wp-content\/uploads\/2021\/03\/imagem9-768x513.jpg 768w, https:\/\/mottaweb.com.br\/celso\/wp-content\/uploads\/2021\/03\/imagem9.jpg 1318w\" sizes=\"auto, (max-width: 800px) 100vw, 800px\" \/>\t\t\t\t\t\t\t\t\t\t\t<\/div>\n\t\t\t\t<\/div>\n\t\t\t\t<\/div>\n\t\t\t\t\t\t<\/div>\n\t\t\t\t\t<\/div>\n\t\t<\/div>\n\t\t\t\t<div class=\"elementor-column elementor-col-50 elementor-inner-column elementor-element elementor-element-5e4f174e\" data-id=\"5e4f174e\" data-element_type=\"column\">\n\t\t\t<div class=\"elementor-column-wrap elementor-element-populated\">\n\t\t\t\t\t\t\t<div class=\"elementor-widget-wrap\">\n\t\t\t\t\t\t<div class=\"elementor-element elementor-element-983aa0d elementor-widget elementor-widget-spacer\" data-id=\"983aa0d\" data-element_type=\"widget\" data-widget_type=\"spacer.default\">\n\t\t\t\t<div class=\"elementor-widget-container\">\n\t\t\t\t\t<div class=\"elementor-spacer\">\n\t\t\t<div class=\"elementor-spacer-inner\"><\/div>\n\t\t<\/div>\n\t\t\t\t<\/div>\n\t\t\t\t<\/div>\n\t\t\t\t<div class=\"elementor-element elementor-element-7c2a2059 elementor-widget elementor-widget-image\" data-id=\"7c2a2059\" data-element_type=\"widget\" data-widget_type=\"image.default\">\n\t\t\t\t<div class=\"elementor-widget-container\">\n\t\t\t\t\t<div class=\"elementor-image\">\n\t\t\t\t\t\t\t\t\t\t<img loading=\"lazy\" decoding=\"async\" width=\"800\" height=\"534\" src=\"https:\/\/mottaweb.com.br\/celso\/wp-content\/uploads\/2021\/03\/imagem1-1024x684.jpg\" class=\"elementor-animation-bob attachment-large size-large\" alt=\"\" srcset=\"https:\/\/mottaweb.com.br\/celso\/wp-content\/uploads\/2021\/03\/imagem1-1024x684.jpg 1024w, https:\/\/mottaweb.com.br\/celso\/wp-content\/uploads\/2021\/03\/imagem1-300x200.jpg 300w, https:\/\/mottaweb.com.br\/celso\/wp-content\/uploads\/2021\/03\/imagem1-768x513.jpg 768w, https:\/\/mottaweb.com.br\/celso\/wp-content\/uploads\/2021\/03\/imagem1.jpg 1318w\" sizes=\"auto, (max-width: 800px) 100vw, 800px\" \/>\t\t\t\t\t\t\t\t\t\t\t<\/div>\n\t\t\t\t<\/div>\n\t\t\t\t<\/div>\n\t\t\t\t<div class=\"elementor-element elementor-element-315c757 elementor-widget elementor-widget-image\" data-id=\"315c757\" data-element_type=\"widget\" data-widget_type=\"image.default\">\n\t\t\t\t<div class=\"elementor-widget-container\">\n\t\t\t\t\t<div class=\"elementor-image\">\n\t\t\t\t\t\t\t\t\t\t<img loading=\"lazy\" decoding=\"async\" width=\"800\" height=\"534\" src=\"https:\/\/mottaweb.com.br\/celso\/wp-content\/uploads\/2021\/03\/imagem8-1024x684.jpg\" class=\"elementor-animation-bob attachment-large size-large\" alt=\"\" srcset=\"https:\/\/mottaweb.com.br\/celso\/wp-content\/uploads\/2021\/03\/imagem8-1024x684.jpg 1024w, https:\/\/mottaweb.com.br\/celso\/wp-content\/uploads\/2021\/03\/imagem8-300x200.jpg 300w, https:\/\/mottaweb.com.br\/celso\/wp-content\/uploads\/2021\/03\/imagem8-768x513.jpg 768w, https:\/\/mottaweb.com.br\/celso\/wp-content\/uploads\/2021\/03\/imagem8.jpg 1318w\" sizes=\"auto, (max-width: 800px) 100vw, 800px\" \/>\t\t\t\t\t\t\t\t\t\t\t<\/div>\n\t\t\t\t<\/div>\n\t\t\t\t<\/div>\n\t\t\t\t\t\t<\/div>\n\t\t\t\t\t<\/div>\n\t\t<\/div>\n\t\t\t\t\t\t\t\t<\/div>\n\t\t\t\t\t<\/div>\n\t\t<\/section>\n\t\t\t\t\t\t<\/div>\n\t\t\t\t\t<\/div>\n\t\t<\/div>\n\t\t\t\t<div class=\"elementor-column elementor-col-50 elementor-top-column elementor-element elementor-element-66fd73ad\" data-id=\"66fd73ad\" data-element_type=\"column\">\n\t\t\t<div class=\"elementor-column-wrap elementor-element-populated\">\n\t\t\t\t\t\t\t<div class=\"elementor-widget-wrap\">\n\t\t\t\t\t\t<div class=\"elementor-element elementor-element-2492367d elementor-widget elementor-widget-heading\" data-id=\"2492367d\" data-element_type=\"widget\" data-widget_type=\"heading.default\">\n\t\t\t\t<div class=\"elementor-widget-container\">\n\t\t\t<h2 class=\"elementor-heading-title elementor-size-default\">Nossa Hist\u00f3ria<\/h2>\t\t<\/div>\n\t\t\t\t<\/div>\n\t\t\t\t<div class=\"elementor-element elementor-element-4c1b0b0f elementor-widget-divider--view-line elementor-widget elementor-widget-divider\" data-id=\"4c1b0b0f\" data-element_type=\"widget\" data-widget_type=\"divider.default\">\n\t\t\t\t<div class=\"elementor-widget-container\">\n\t\t\t\t\t<div class=\"elementor-divider\">\n\t\t\t<span class=\"elementor-divider-separator\">\n\t\t\t\t\t\t<\/span>\n\t\t<\/div>\n\t\t\t\t<\/div>\n\t\t\t\t<\/div>\n\t\t\t\t<div class=\"elementor-element elementor-element-2478e16b elementor-widget elementor-widget-text-editor\" data-id=\"2478e16b\" data-element_type=\"widget\" data-widget_type=\"text-editor.default\">\n\t\t\t\t<div class=\"elementor-widget-container\">\n\t\t\t\t\t<div class=\"elementor-text-editor elementor-clearfix\"><p>Com experi\u00eancia de 20 anos atuando diretamente nas montadoras de ve\u00edculos suportando tecnicamente a rede de concession\u00e1rias e clientes, elabora\u00e7\u00e3o de laudos e pareces judiciais como representante t\u00e9cnico e preposto em audi\u00eancias. Mais 10 anos atuando na ind\u00fastria de autope\u00e7as na \u00e1rea da assist\u00eancia t\u00e9cnica.<\/p><p>Professor atuante por cerca de 15 anos da \u00e1rea automotiva nas institui\u00e7\u00f5es do SENAI, FEI, CEDAC, Instituto Mega, Instituto ITP e Escola do Mec\u00e2nico.<\/p><p>Forma\u00e7\u00e3o de Perito Judicial e Assistente T\u00e9cnico pelo IAPA \u2013 Instituto de Aperfei\u00e7oamento em Pr\u00e1ticas Advocacia e pelo Curso Beta.<\/p><p>Consultoria e Per\u00edcias T\u00e9cnicas Automotivas para:<\/p><ul><li>Concession\u00e1rias;<\/li><li>Seguradoras;<\/li><li>Transportadoras;<\/li><li>Pequenas e Grandes Frotas;<\/li><li>Oficinas de Reparo e Centros Automotivos<\/li><\/ul><p>Assist\u00eancias T\u00e9cnicas Judiciais e Extra Judiciais (Advogados e Pessoa F\u00edsica)<\/p><\/div>\n\t\t\t\t<\/div>\n\t\t\t\t<\/div>\n\t\t\t\t\t\t<\/div>\n\t\t\t\t\t<\/div>\n\t\t<\/div>\n\t\t\t\t\t\t\t\t<\/div>\n\t\t\t\t\t<\/div>\n\t\t<\/section>\n\t\t\t\t\t\t<\/div>\n\t\t\t\t\t\t<\/div>\n\t\t\t\t\t<\/div>\n\t\t","protected":false},"excerpt":{"rendered":"<p>Sobre N\u00f3s Nossa Hist\u00f3ria Com experi\u00eancia de 20 anos atuando diretamente nas montadoras de ve\u00edculos suportando tecnicamente a rede de concession\u00e1rias e clientes, elabora\u00e7\u00e3o de laudos e pareces judiciais como representante t\u00e9cnico e preposto em audi\u00eancias. Mais 10 anos atuando na ind\u00fastria de autope\u00e7as na \u00e1rea da assist\u00eancia t\u00e9cnica. Professor atuante por cerca de 15 [&hellip;]<\/p>\n","protected":false},"author":1,"featured_media":0,"parent":0,"menu_order":0,"comment_status":"closed","ping_status":"closed","template":"","meta":{"footnotes":""},"class_list":["post-147","page","type-page","status-publish","hentry"],"_links":{"self":[{"href":"https:\/\/mottaweb.com.br\/celso\/wp-json\/wp\/v2\/pages\/147","targetHints":{"allow":["GET"]}}],"collection":[{"href":"https:\/\/mottaweb.com.br\/celso\/wp-json\/wp\/v2\/pages"}],"about":[{"href":"https:\/\/mottaweb.com.br\/celso\/wp-json\/wp\/v2\/types\/page"}],"author":[{"embeddable":true,"href":"https:\/\/mottaweb.com.br\/celso\/wp-json\/wp\/v2\/users\/1"}],"replies":[{"embeddable":true,"href":"https:\/\/mottaweb.com.br\/celso\/wp-json\/wp\/v2\/comments?post=147"}],"version-history":[{"count":27,"href":"https:\/\/mottaweb.com.br\/celso\/wp-json\/wp\/v2\/pages\/147\/revisions"}],"predecessor-version":[{"id":401,"href":"https:\/\/mottaweb.com.br\/celso\/wp-json\/wp\/v2\/pages\/147\/revisions\/401"}],"wp:attachment":[{"href":"https:\/\/mottaweb.com.br\/celso\/wp-json\/wp\/v2\/media?parent=147"}],"curies":[{"name":"wp","href":"https:\/\/api.w.org\/{rel}","templated":true}]}}