{"id":82,"date":"2021-02-15T12:02:24","date_gmt":"2021-02-15T15:02:24","guid":{"rendered":"https:\/\/mottaweb.com.br\/celso\/?page_id=82"},"modified":"2021-04-27T14:33:02","modified_gmt":"2021-04-27T17:33:02","slug":"home","status":"publish","type":"page","link":"https:\/\/mottaweb.com.br\/celso\/","title":{"rendered":"Home"},"content":{"rendered":"\t\t<div data-elementor-type=\"wp-page\" data-elementor-id=\"82\" class=\"elementor elementor-82\" data-elementor-settings=\"[]\">\n\t\t\t\t\t\t<div class=\"elementor-inner\">\n\t\t\t\t\t\t\t<div class=\"elementor-section-wrap\">\n\t\t\t\t\t\t\t<section class=\"elementor-section elementor-top-section elementor-element elementor-element-3bb39b06 elementor-section-height-full elementor-section-boxed elementor-section-height-default elementor-section-items-middle\" data-id=\"3bb39b06\" data-element_type=\"section\" data-settings=\"{&quot;background_background&quot;:&quot;slideshow&quot;,&quot;background_slideshow_gallery&quot;:[{&quot;id&quot;:11,&quot;url&quot;:&quot;https:\\\/\\\/mottaweb.com.br\\\/celso\\\/wp-content\\\/uploads\\\/2021\\\/02\\\/car-mechanic-work-small.jpg&quot;},{&quot;id&quot;:12,&quot;url&quot;:&quot;https:\\\/\\\/mottaweb.com.br\\\/celso\\\/wp-content\\\/uploads\\\/2021\\\/02\\\/mechanics-inspecting-car-small-1.jpg&quot;},{&quot;id&quot;:297,&quot;url&quot;:&quot;https:\\\/\\\/mottaweb.com.br\\\/celso\\\/wp-content\\\/uploads\\\/2021\\\/03\\\/imagem9.jpg&quot;},{&quot;id&quot;:298,&quot;url&quot;:&quot;https:\\\/\\\/mottaweb.com.br\\\/celso\\\/wp-content\\\/uploads\\\/2021\\\/03\\\/imagem8.jpg&quot;},{&quot;id&quot;:295,&quot;url&quot;:&quot;https:\\\/\\\/mottaweb.com.br\\\/celso\\\/wp-content\\\/uploads\\\/2021\\\/03\\\/imagem1.jpg&quot;},{&quot;id&quot;:289,&quot;url&quot;:&quot;https:\\\/\\\/mottaweb.com.br\\\/celso\\\/wp-content\\\/uploads\\\/2021\\\/03\\\/imagem7.jpg&quot;}],&quot;background_slideshow_ken_burns&quot;:&quot;yes&quot;,&quot;background_slideshow_loop&quot;:&quot;yes&quot;,&quot;background_slideshow_slide_duration&quot;:5000,&quot;background_slideshow_slide_transition&quot;:&quot;fade&quot;,&quot;background_slideshow_transition_duration&quot;:500,&quot;background_slideshow_ken_burns_zoom_direction&quot;:&quot;in&quot;}\">\n\t\t\t\t\t\t\t<div class=\"elementor-background-overlay\"><\/div>\n\t\t\t\t\t\t\t<div class=\"elementor-container elementor-column-gap-default\">\n\t\t\t\t\t\t\t<div class=\"elementor-row\">\n\t\t\t\t\t<div class=\"elementor-column elementor-col-50 elementor-top-column elementor-element elementor-element-406e4400\" data-id=\"406e4400\" data-element_type=\"column\">\n\t\t\t<div class=\"elementor-column-wrap elementor-element-populated\">\n\t\t\t\t\t\t\t<div class=\"elementor-widget-wrap\">\n\t\t\t\t\t\t<div class=\"elementor-element elementor-element-2671c719 elementor-widget elementor-widget-text-editor\" data-id=\"2671c719\" data-element_type=\"widget\" data-widget_type=\"text-editor.default\">\n\t\t\t\t<div class=\"elementor-widget-container\">\n\t\t\t\t\t<div class=\"elementor-text-editor elementor-clearfix\"><\/div>\n\t\t\t\t<\/div>\n\t\t\t\t<\/div>\n\t\t\t\t\t\t<\/div>\n\t\t\t\t\t<\/div>\n\t\t<\/div>\n\t\t\t\t<div class=\"elementor-column elementor-col-50 elementor-top-column elementor-element elementor-element-dea3058\" data-id=\"dea3058\" data-element_type=\"column\">\n\t\t\t<div class=\"elementor-column-wrap elementor-element-populated\">\n\t\t\t\t\t\t\t<div class=\"elementor-widget-wrap\">\n\t\t\t\t\t\t<div class=\"elementor-element elementor-element-6ff3f487 elementor-widget elementor-widget-heading\" data-id=\"6ff3f487\" data-element_type=\"widget\" data-widget_type=\"heading.default\">\n\t\t\t\t<div class=\"elementor-widget-container\">\n\t\t\t<h1 class=\"elementor-heading-title elementor-size-default\">Oferecemos servi\u00e7os especializado na \u00e1rea automotiva para pessoa<br\/> F\u00edsica ou Jur\u00eddica.<\/h1>\t\t<\/div>\n\t\t\t\t<\/div>\n\t\t\t\t\t\t<\/div>\n\t\t\t\t\t<\/div>\n\t\t<\/div>\n\t\t\t\t\t\t\t\t<\/div>\n\t\t\t\t\t<\/div>\n\t\t<\/section>\n\t\t\t\t<section class=\"elementor-section elementor-top-section elementor-element elementor-element-4d2e6d10 elementor-section-boxed elementor-section-height-default elementor-section-height-default\" data-id=\"4d2e6d10\" data-element_type=\"section\">\n\t\t\t\t\t\t<div class=\"elementor-container elementor-column-gap-default\">\n\t\t\t\t\t\t\t<div class=\"elementor-row\">\n\t\t\t\t\t<div class=\"elementor-column elementor-col-100 elementor-top-column elementor-element elementor-element-72ec388f\" data-id=\"72ec388f\" data-element_type=\"column\">\n\t\t\t<div class=\"elementor-column-wrap elementor-element-populated\">\n\t\t\t\t\t\t\t<div class=\"elementor-widget-wrap\">\n\t\t\t\t\t\t<div class=\"elementor-element elementor-element-88c6e3b elementor-invisible elementor-widget elementor-widget-heading\" data-id=\"88c6e3b\" data-element_type=\"widget\" data-settings=\"{&quot;_animation&quot;:&quot;fadeInUp&quot;}\" data-widget_type=\"heading.default\">\n\t\t\t\t<div class=\"elementor-widget-container\">\n\t\t\t<h2 class=\"elementor-heading-title elementor-size-default\">Nossos Servi\u00e7os<\/h2>\t\t<\/div>\n\t\t\t\t<\/div>\n\t\t\t\t<div class=\"elementor-element elementor-element-41c86ea8 elementor-widget-divider--view-line elementor-widget elementor-widget-divider\" data-id=\"41c86ea8\" data-element_type=\"widget\" data-widget_type=\"divider.default\">\n\t\t\t\t<div class=\"elementor-widget-container\">\n\t\t\t\t\t<div class=\"elementor-divider\">\n\t\t\t<span class=\"elementor-divider-separator\">\n\t\t\t\t\t\t<\/span>\n\t\t<\/div>\n\t\t\t\t<\/div>\n\t\t\t\t<\/div>\n\t\t\t\t<section class=\"elementor-section elementor-inner-section elementor-element elementor-element-249d647c elementor-section-boxed elementor-section-height-default elementor-section-height-default\" data-id=\"249d647c\" data-element_type=\"section\">\n\t\t\t\t\t\t<div class=\"elementor-container elementor-column-gap-default\">\n\t\t\t\t\t\t\t<div class=\"elementor-row\">\n\t\t\t\t\t<div class=\"elementor-column elementor-col-25 elementor-inner-column elementor-element elementor-element-3712d218\" data-id=\"3712d218\" data-element_type=\"column\">\n\t\t\t<div class=\"elementor-column-wrap elementor-element-populated\">\n\t\t\t\t\t\t\t<div class=\"elementor-widget-wrap\">\n\t\t\t\t\t\t<div class=\"elementor-element elementor-element-5599f3e2 elementor-position-top elementor-vertical-align-top elementor-widget elementor-widget-image-box\" data-id=\"5599f3e2\" data-element_type=\"widget\" data-widget_type=\"image-box.default\">\n\t\t\t\t<div class=\"elementor-widget-container\">\n\t\t\t<div class=\"elementor-image-box-wrapper\"><figure class=\"elementor-image-box-img\"><img loading=\"lazy\" decoding=\"async\" width=\"512\" height=\"512\" src=\"https:\/\/mottaweb.com.br\/celso\/wp-content\/uploads\/2021\/02\/assistencia-tecnica.png\" class=\"attachment-full size-full\" alt=\"\" srcset=\"https:\/\/mottaweb.com.br\/celso\/wp-content\/uploads\/2021\/02\/assistencia-tecnica.png 512w, https:\/\/mottaweb.com.br\/celso\/wp-content\/uploads\/2021\/02\/assistencia-tecnica-300x300.png 300w, https:\/\/mottaweb.com.br\/celso\/wp-content\/uploads\/2021\/02\/assistencia-tecnica-150x150.png 150w\" sizes=\"auto, (max-width: 512px) 100vw, 512px\" \/><\/figure><div class=\"elementor-image-box-content\"><h5 class=\"elementor-image-box-title\">Assist\u00eancia T\u00e9cnica Judicial e Extrajudicial<\/h5><\/div><\/div>\t\t<\/div>\n\t\t\t\t<\/div>\n\t\t\t\t<div class=\"elementor-element elementor-element-29e63eb5 elementor-align-center elementor-widget elementor-widget-button\" data-id=\"29e63eb5\" data-element_type=\"widget\" data-widget_type=\"button.default\">\n\t\t\t\t<div class=\"elementor-widget-container\">\n\t\t\t\t\t<div class=\"elementor-button-wrapper\">\n\t\t\t<a href=\"https:\/\/mottaweb.com.br\/celso\/consultoria-automotiva\/\" class=\"elementor-button-link elementor-button elementor-size-sm\" role=\"button\">\n\t\t\t\t\t\t<span class=\"elementor-button-content-wrapper\">\n\t\t\t\t\t\t<span class=\"elementor-button-text\">Saiba Mais...<\/span>\n\t\t<\/span>\n\t\t\t\t\t<\/a>\n\t\t<\/div>\n\t\t\t\t<\/div>\n\t\t\t\t<\/div>\n\t\t\t\t\t\t<\/div>\n\t\t\t\t\t<\/div>\n\t\t<\/div>\n\t\t\t\t<div class=\"elementor-column elementor-col-25 elementor-inner-column elementor-element elementor-element-5f162c35\" data-id=\"5f162c35\" data-element_type=\"column\">\n\t\t\t<div class=\"elementor-column-wrap elementor-element-populated\">\n\t\t\t\t\t\t\t<div class=\"elementor-widget-wrap\">\n\t\t\t\t\t\t<div class=\"elementor-element elementor-element-6a2bef87 elementor-position-top elementor-vertical-align-top elementor-widget elementor-widget-image-box\" data-id=\"6a2bef87\" data-element_type=\"widget\" data-widget_type=\"image-box.default\">\n\t\t\t\t<div class=\"elementor-widget-container\">\n\t\t\t<div class=\"elementor-image-box-wrapper\"><figure class=\"elementor-image-box-img\"><img loading=\"lazy\" decoding=\"async\" width=\"512\" height=\"512\" src=\"https:\/\/mottaweb.com.br\/celso\/wp-content\/uploads\/2021\/02\/consultoria.png\" class=\"attachment-full size-full\" alt=\"\" srcset=\"https:\/\/mottaweb.com.br\/celso\/wp-content\/uploads\/2021\/02\/consultoria.png 512w, https:\/\/mottaweb.com.br\/celso\/wp-content\/uploads\/2021\/02\/consultoria-300x300.png 300w, https:\/\/mottaweb.com.br\/celso\/wp-content\/uploads\/2021\/02\/consultoria-150x150.png 150w\" sizes=\"auto, (max-width: 512px) 100vw, 512px\" \/><\/figure><div class=\"elementor-image-box-content\"><h5 class=\"elementor-image-box-title\">Consultoria Automotiva<\/h5><\/div><\/div>\t\t<\/div>\n\t\t\t\t<\/div>\n\t\t\t\t<div class=\"elementor-element elementor-element-7acf2603 elementor-align-center elementor-widget elementor-widget-button\" data-id=\"7acf2603\" data-element_type=\"widget\" data-widget_type=\"button.default\">\n\t\t\t\t<div class=\"elementor-widget-container\">\n\t\t\t\t\t<div class=\"elementor-button-wrapper\">\n\t\t\t<a href=\"#\" class=\"elementor-button-link elementor-button elementor-size-sm\" role=\"button\">\n\t\t\t\t\t\t<span class=\"elementor-button-content-wrapper\">\n\t\t\t\t\t\t<span class=\"elementor-button-text\">Saiba Mais...<\/span>\n\t\t<\/span>\n\t\t\t\t\t<\/a>\n\t\t<\/div>\n\t\t\t\t<\/div>\n\t\t\t\t<\/div>\n\t\t\t\t\t\t<\/div>\n\t\t\t\t\t<\/div>\n\t\t<\/div>\n\t\t\t\t<div class=\"elementor-column elementor-col-25 elementor-inner-column elementor-element elementor-element-71c8d0fa\" data-id=\"71c8d0fa\" data-element_type=\"column\">\n\t\t\t<div class=\"elementor-column-wrap elementor-element-populated\">\n\t\t\t\t\t\t\t<div class=\"elementor-widget-wrap\">\n\t\t\t\t\t\t<div class=\"elementor-element elementor-element-45273a63 elementor-position-top elementor-vertical-align-top elementor-widget elementor-widget-image-box\" data-id=\"45273a63\" data-element_type=\"widget\" data-widget_type=\"image-box.default\">\n\t\t\t\t<div class=\"elementor-widget-container\">\n\t\t\t<div class=\"elementor-image-box-wrapper\"><figure class=\"elementor-image-box-img\"><img loading=\"lazy\" decoding=\"async\" width=\"512\" height=\"512\" src=\"https:\/\/mottaweb.com.br\/celso\/wp-content\/uploads\/2021\/02\/treinamento12312.png\" class=\"attachment-full size-full\" alt=\"\" srcset=\"https:\/\/mottaweb.com.br\/celso\/wp-content\/uploads\/2021\/02\/treinamento12312.png 512w, https:\/\/mottaweb.com.br\/celso\/wp-content\/uploads\/2021\/02\/treinamento12312-300x300.png 300w, https:\/\/mottaweb.com.br\/celso\/wp-content\/uploads\/2021\/02\/treinamento12312-150x150.png 150w\" sizes=\"auto, (max-width: 512px) 100vw, 512px\" \/><\/figure><div class=\"elementor-image-box-content\"><h5 class=\"elementor-image-box-title\">Treinamento<\/h5><\/div><\/div>\t\t<\/div>\n\t\t\t\t<\/div>\n\t\t\t\t<div class=\"elementor-element elementor-element-16ca1727 elementor-align-center elementor-widget elementor-widget-button\" data-id=\"16ca1727\" data-element_type=\"widget\" data-widget_type=\"button.default\">\n\t\t\t\t<div class=\"elementor-widget-container\">\n\t\t\t\t\t<div class=\"elementor-button-wrapper\">\n\t\t\t<a href=\"https:\/\/mottaweb.com.br\/celso\/treinamento\/\" class=\"elementor-button-link elementor-button elementor-size-sm\" role=\"button\">\n\t\t\t\t\t\t<span class=\"elementor-button-content-wrapper\">\n\t\t\t\t\t\t<span class=\"elementor-button-text\">Saiba Mais...<\/span>\n\t\t<\/span>\n\t\t\t\t\t<\/a>\n\t\t<\/div>\n\t\t\t\t<\/div>\n\t\t\t\t<\/div>\n\t\t\t\t\t\t<\/div>\n\t\t\t\t\t<\/div>\n\t\t<\/div>\n\t\t\t\t<div class=\"elementor-column elementor-col-25 elementor-inner-column elementor-element elementor-element-5c85a7aa\" data-id=\"5c85a7aa\" data-element_type=\"column\">\n\t\t\t<div class=\"elementor-column-wrap elementor-element-populated\">\n\t\t\t\t\t\t\t<div class=\"elementor-widget-wrap\">\n\t\t\t\t\t\t<div class=\"elementor-element elementor-element-2dc602d1 elementor-position-top elementor-vertical-align-top elementor-widget elementor-widget-image-box\" data-id=\"2dc602d1\" data-element_type=\"widget\" data-widget_type=\"image-box.default\">\n\t\t\t\t<div class=\"elementor-widget-container\">\n\t\t\t<div class=\"elementor-image-box-wrapper\"><figure class=\"elementor-image-box-img\"><img loading=\"lazy\" decoding=\"async\" width=\"512\" height=\"512\" src=\"https:\/\/mottaweb.com.br\/celso\/wp-content\/uploads\/2021\/02\/carhunter.png\" class=\"attachment-full size-full\" alt=\"\" srcset=\"https:\/\/mottaweb.com.br\/celso\/wp-content\/uploads\/2021\/02\/carhunter.png 512w, https:\/\/mottaweb.com.br\/celso\/wp-content\/uploads\/2021\/02\/carhunter-300x300.png 300w, https:\/\/mottaweb.com.br\/celso\/wp-content\/uploads\/2021\/02\/carhunter-150x150.png 150w\" sizes=\"auto, (max-width: 512px) 100vw, 512px\" \/><\/figure><div class=\"elementor-image-box-content\"><h5 class=\"elementor-image-box-title\">Car Hunters (compra e venda)<\/h5><\/div><\/div>\t\t<\/div>\n\t\t\t\t<\/div>\n\t\t\t\t<div class=\"elementor-element elementor-element-28891ae8 elementor-align-center elementor-widget elementor-widget-button\" data-id=\"28891ae8\" data-element_type=\"widget\" data-widget_type=\"button.default\">\n\t\t\t\t<div class=\"elementor-widget-container\">\n\t\t\t\t\t<div class=\"elementor-button-wrapper\">\n\t\t\t<a href=\"https:\/\/mottaweb.com.br\/celso\/car-hunters-compra-e-venda\/\" class=\"elementor-button-link elementor-button elementor-size-sm\" role=\"button\">\n\t\t\t\t\t\t<span class=\"elementor-button-content-wrapper\">\n\t\t\t\t\t\t<span class=\"elementor-button-text\">Saiba Mais...<\/span>\n\t\t<\/span>\n\t\t\t\t\t<\/a>\n\t\t<\/div>\n\t\t\t\t<\/div>\n\t\t\t\t<\/div>\n\t\t\t\t\t\t<\/div>\n\t\t\t\t\t<\/div>\n\t\t<\/div>\n\t\t\t\t\t\t\t\t<\/div>\n\t\t\t\t\t<\/div>\n\t\t<\/section>\n\t\t\t\t\t\t<\/div>\n\t\t\t\t\t<\/div>\n\t\t<\/div>\n\t\t\t\t\t\t\t\t<\/div>\n\t\t\t\t\t<\/div>\n\t\t<\/section>\n\t\t\t\t<section class=\"elementor-section elementor-top-section elementor-element elementor-element-281921e4 elementor-section-boxed elementor-section-height-default elementor-section-height-default\" data-id=\"281921e4\" data-element_type=\"section\" data-settings=\"{&quot;background_background&quot;:&quot;classic&quot;}\">\n\t\t\t\t\t\t\t<div class=\"elementor-background-overlay\"><\/div>\n\t\t\t\t\t\t\t<div class=\"elementor-container elementor-column-gap-default\">\n\t\t\t\t\t\t\t<div class=\"elementor-row\">\n\t\t\t\t\t<div class=\"elementor-column elementor-col-50 elementor-top-column elementor-element elementor-element-1fd79980\" data-id=\"1fd79980\" data-element_type=\"column\">\n\t\t\t<div class=\"elementor-column-wrap elementor-element-populated\">\n\t\t\t\t\t\t\t<div class=\"elementor-widget-wrap\">\n\t\t\t\t\t\t<div class=\"elementor-element elementor-element-78870072 elementor-invisible elementor-widget elementor-widget-heading\" data-id=\"78870072\" data-element_type=\"widget\" data-settings=\"{&quot;_animation&quot;:&quot;fadeInUp&quot;}\" data-widget_type=\"heading.default\">\n\t\t\t\t<div class=\"elementor-widget-container\">\n\t\t\t<h2 class=\"elementor-heading-title elementor-size-default\">A import\u00e2ncia do Perito ou Assistente T\u00e9cnico na Engenharia Automotiva.<\/h2>\t\t<\/div>\n\t\t\t\t<\/div>\n\t\t\t\t<div class=\"elementor-element elementor-element-2d42d6de elementor-widget-divider--view-line elementor-widget elementor-widget-divider\" data-id=\"2d42d6de\" data-element_type=\"widget\" data-widget_type=\"divider.default\">\n\t\t\t\t<div class=\"elementor-widget-container\">\n\t\t\t\t\t<div class=\"elementor-divider\">\n\t\t\t<span class=\"elementor-divider-separator\">\n\t\t\t\t\t\t<\/span>\n\t\t<\/div>\n\t\t\t\t<\/div>\n\t\t\t\t<\/div>\n\t\t\t\t<div class=\"elementor-element elementor-element-580722e5 elementor-widget elementor-widget-text-editor\" data-id=\"580722e5\" data-element_type=\"widget\" data-widget_type=\"text-editor.default\">\n\t\t\t\t<div class=\"elementor-widget-container\">\n\t\t\t\t\t<div class=\"elementor-text-editor elementor-clearfix\"><p>Vivemos em um mundo globalizado onde os lan\u00e7amentos na \u00e1rea veicular s\u00e3o constantes e os autom\u00f3veis<br \/>importados passam por ajustes do projeto para adequa\u00e7\u00e3o aos vi\u00e1rios e as peculiaridades do Brasil.<br \/>Os ve\u00edculos produzidos no pa\u00eds, tamb\u00e9m, por serem origin\u00e1rios de projetos internacionais, ou ve\u00edculos<br \/>comercializados no Brasil produzidos em outros pa\u00edses, apresentam falhas ao longo de sua utiliza\u00e7\u00e3o.<br \/>Passamos nos \u00faltimos anos por uma grande onda de &#8220;recall&#8221; em que a grande maioria das montadoras tenta se<br \/>livrar de falhas de projeto, montagem ou de materiais. Tamb\u00e9m, temos in\u00fameras reclama\u00e7\u00f5es de reparos<br \/>realizados nas concession\u00e1rias, em centros automotivos ou oficina mec\u00e2nicas que tamb\u00e9m quer se isentar de<br \/>suas responsabilidades. Ainda podemos incluir a responsabilidade dos revendedores e fabricantes das pe\u00e7as<br \/>automotivas utilizadas na repara\u00e7\u00e3o.<br \/>Alguns desses defeitos podem provocar acidentes, pois est\u00e3o relacionados \u00e0 seguran\u00e7a ativa e passiva do<br \/>ve\u00edculo.<br \/>Quer por reclama\u00e7\u00e3o ou acidente, a figura do Perito Judicial, Assistente T\u00e9cnico ou Consultor \u00e9 important\u00edssimo<br \/>para a verifica\u00e7\u00e3o da causa raiz.<br \/>Nosso prop\u00f3sito \u00e9 dar suporte a disputas entre propriet\u00e1rios de ve\u00edculos e fabricantes, concession\u00e1rias ou lojas<br \/>atrav\u00e9s de Assist\u00eancia T\u00e9cnica podendo representar qualquer das partes e Per\u00edcias Judiciais para as pessoas<br \/>f\u00edsicas ou profissionais da \u00e1rea jur\u00eddica.<br \/>Atendemos todo o territ\u00f3rio nacional.<\/p><\/div>\n\t\t\t\t<\/div>\n\t\t\t\t<\/div>\n\t\t\t\t\t\t<\/div>\n\t\t\t\t\t<\/div>\n\t\t<\/div>\n\t\t\t\t<div class=\"elementor-column elementor-col-50 elementor-top-column elementor-element elementor-element-68232bde\" data-id=\"68232bde\" data-element_type=\"column\">\n\t\t\t<div class=\"elementor-column-wrap elementor-element-populated\">\n\t\t\t\t\t\t\t<div class=\"elementor-widget-wrap\">\n\t\t\t\t\t\t<div class=\"elementor-element elementor-element-6b72e76a elementor-widget__width-initial elementor-absolute elementor-widget-tablet__width-initial elementor-widget elementor-widget-image\" data-id=\"6b72e76a\" data-element_type=\"widget\" data-settings=\"{&quot;_position&quot;:&quot;absolute&quot;}\" data-widget_type=\"image.default\">\n\t\t\t\t<div class=\"elementor-widget-container\">\n\t\t\t\t\t<div class=\"elementor-image\">\n\t\t\t\t\t\t\t\t\t\t<img loading=\"lazy\" decoding=\"async\" width=\"800\" height=\"534\" src=\"https:\/\/mottaweb.com.br\/celso\/wp-content\/uploads\/2021\/03\/imagem9-1024x684.jpg\" class=\"elementor-animation-bob attachment-large size-large\" alt=\"\" srcset=\"https:\/\/mottaweb.com.br\/celso\/wp-content\/uploads\/2021\/03\/imagem9-1024x684.jpg 1024w, https:\/\/mottaweb.com.br\/celso\/wp-content\/uploads\/2021\/03\/imagem9-300x200.jpg 300w, https:\/\/mottaweb.com.br\/celso\/wp-content\/uploads\/2021\/03\/imagem9-768x513.jpg 768w, https:\/\/mottaweb.com.br\/celso\/wp-content\/uploads\/2021\/03\/imagem9.jpg 1318w\" sizes=\"auto, (max-width: 800px) 100vw, 800px\" \/>\t\t\t\t\t\t\t\t\t\t\t<\/div>\n\t\t\t\t<\/div>\n\t\t\t\t<\/div>\n\t\t\t\t\t\t<\/div>\n\t\t\t\t\t<\/div>\n\t\t<\/div>\n\t\t\t\t\t\t\t\t<\/div>\n\t\t\t\t\t<\/div>\n\t\t<\/section>\n\t\t\t\t<section class=\"elementor-section elementor-top-section elementor-element elementor-element-138943ac elementor-section-full_width elementor-section-height-default elementor-section-height-default\" data-id=\"138943ac\" data-element_type=\"section\">\n\t\t\t\t\t\t<div class=\"elementor-container elementor-column-gap-default\">\n\t\t\t\t\t\t\t<div class=\"elementor-row\">\n\t\t\t\t\t<div class=\"elementor-column elementor-col-25 elementor-top-column elementor-element elementor-element-4cdc0635\" data-id=\"4cdc0635\" data-element_type=\"column\">\n\t\t\t<div class=\"elementor-column-wrap elementor-element-populated\">\n\t\t\t\t\t\t\t<div class=\"elementor-widget-wrap\">\n\t\t\t\t\t\t<div class=\"elementor-element elementor-element-573bcc25 elementor-widget elementor-widget-image\" data-id=\"573bcc25\" data-element_type=\"widget\" data-widget_type=\"image.default\">\n\t\t\t\t<div class=\"elementor-widget-container\">\n\t\t\t\t\t<div class=\"elementor-image\">\n\t\t\t\t\t\t\t\t\t\t<img decoding=\"async\" src=\"https:\/\/mottaweb.com.br\/celso\/wp-content\/uploads\/elementor\/thumbs\/car-repair-service-small-p2whg6dajsn54kf1xm601lfnbbgkez3zrltbbg8qww.jpg\" title=\"car-repair-service-small.jpg\" alt=\"car-repair-service-small.jpg\" \/>\t\t\t\t\t\t\t\t\t\t\t<\/div>\n\t\t\t\t<\/div>\n\t\t\t\t<\/div>\n\t\t\t\t\t\t<\/div>\n\t\t\t\t\t<\/div>\n\t\t<\/div>\n\t\t\t\t<div class=\"elementor-column elementor-col-25 elementor-top-column elementor-element elementor-element-638c43fa\" data-id=\"638c43fa\" data-element_type=\"column\">\n\t\t\t<div class=\"elementor-column-wrap elementor-element-populated\">\n\t\t\t\t\t\t\t<div class=\"elementor-widget-wrap\">\n\t\t\t\t\t\t<div class=\"elementor-element elementor-element-113e15c4 elementor-widget elementor-widget-image\" data-id=\"113e15c4\" data-element_type=\"widget\" data-widget_type=\"image.default\">\n\t\t\t\t<div class=\"elementor-widget-container\">\n\t\t\t\t\t<div class=\"elementor-image\">\n\t\t\t\t\t\t\t\t\t\t<img decoding=\"async\" src=\"https:\/\/mottaweb.com.br\/celso\/wp-content\/uploads\/elementor\/thumbs\/modern-car-servicing-small-p2whg5fgcylusygf33rdh3o6pxl77a09fh5tu6a534.jpg\" title=\"modern-car-servicing-small.jpg\" alt=\"modern-car-servicing-small.jpg\" \/>\t\t\t\t\t\t\t\t\t\t\t<\/div>\n\t\t\t\t<\/div>\n\t\t\t\t<\/div>\n\t\t\t\t\t\t<\/div>\n\t\t\t\t\t<\/div>\n\t\t<\/div>\n\t\t\t\t<div class=\"elementor-column elementor-col-25 elementor-top-column elementor-element elementor-element-7588c217\" data-id=\"7588c217\" data-element_type=\"column\">\n\t\t\t<div class=\"elementor-column-wrap elementor-element-populated\">\n\t\t\t\t\t\t\t<div class=\"elementor-widget-wrap\">\n\t\t\t\t\t\t<div class=\"elementor-element elementor-element-2f2c4ca0 elementor-widget elementor-widget-image\" data-id=\"2f2c4ca0\" data-element_type=\"widget\" data-widget_type=\"image.default\">\n\t\t\t\t<div class=\"elementor-widget-container\">\n\t\t\t\t\t<div class=\"elementor-image\">\n\t\t\t\t\t\t\t\t\t\t<img decoding=\"async\" src=\"https:\/\/mottaweb.com.br\/celso\/wp-content\/uploads\/elementor\/thumbs\/worker-in-uniform-checks-engine-car-service-small-p2whg3jrzaja5qj5e2y4c459j5ugrvssr7uuvmcxfk.jpg\" title=\"worker-in-uniform-checks-engine-car-service-small.jpg\" alt=\"worker-in-uniform-checks-engine-car-service-small.jpg\" \/>\t\t\t\t\t\t\t\t\t\t\t<\/div>\n\t\t\t\t<\/div>\n\t\t\t\t<\/div>\n\t\t\t\t\t\t<\/div>\n\t\t\t\t\t<\/div>\n\t\t<\/div>\n\t\t\t\t<div class=\"elementor-column elementor-col-25 elementor-top-column elementor-element elementor-element-13887f78\" data-id=\"13887f78\" data-element_type=\"column\">\n\t\t\t<div class=\"elementor-column-wrap elementor-element-populated\">\n\t\t\t\t\t\t\t<div class=\"elementor-widget-wrap\">\n\t\t\t\t\t\t<div class=\"elementor-element elementor-element-5a74b657 elementor-widget elementor-widget-image\" data-id=\"5a74b657\" data-element_type=\"widget\" data-widget_type=\"image.default\">\n\t\t\t\t<div class=\"elementor-widget-container\">\n\t\t\t\t\t<div class=\"elementor-image\">\n\t\t\t\t\t\t\t\t\t\t<img decoding=\"async\" src=\"https:\/\/mottaweb.com.br\/celso\/wp-content\/uploads\/elementor\/thumbs\/car-mechanic-work-small-p2whf4rqyf7o85xo15wx9ux7jwlvv2yqafpw4dshts.jpg\" title=\"car-mechanic-work-small.jpg\" alt=\"car-mechanic-work-small.jpg\" \/>\t\t\t\t\t\t\t\t\t\t\t<\/div>\n\t\t\t\t<\/div>\n\t\t\t\t<\/div>\n\t\t\t\t\t\t<\/div>\n\t\t\t\t\t<\/div>\n\t\t<\/div>\n\t\t\t\t\t\t\t\t<\/div>\n\t\t\t\t\t<\/div>\n\t\t<\/section>\n\t\t\t\t\t\t<\/div>\n\t\t\t\t\t\t<\/div>\n\t\t\t\t\t<\/div>\n\t\t","protected":false},"excerpt":{"rendered":"<p>Oferecemos servi\u00e7os especializado na \u00e1rea automotiva para pessoa F\u00edsica ou Jur\u00eddica. Nossos Servi\u00e7os Assist\u00eancia T\u00e9cnica Judicial e Extrajudicial Saiba Mais&#8230; Consultoria Automotiva Saiba Mais&#8230; Treinamento Saiba Mais&#8230; Car Hunters (compra e venda) Saiba Mais&#8230; A import\u00e2ncia do Perito ou Assistente T\u00e9cnico na Engenharia Automotiva. Vivemos em um mundo globalizado onde os lan\u00e7amentos na \u00e1rea veicular [&hellip;]<\/p>\n","protected":false},"author":1,"featured_media":0,"parent":0,"menu_order":0,"comment_status":"closed","ping_status":"closed","template":"","meta":{"footnotes":""},"class_list":["post-82","page","type-page","status-publish","hentry"],"_links":{"self":[{"href":"https:\/\/mottaweb.com.br\/celso\/wp-json\/wp\/v2\/pages\/82","targetHints":{"allow":["GET"]}}],"collection":[{"href":"https:\/\/mottaweb.com.br\/celso\/wp-json\/wp\/v2\/pages"}],"about":[{"href":"https:\/\/mottaweb.com.br\/celso\/wp-json\/wp\/v2\/types\/page"}],"author":[{"embeddable":true,"href":"https:\/\/mottaweb.com.br\/celso\/wp-json\/wp\/v2\/users\/1"}],"replies":[{"embeddable":true,"href":"https:\/\/mottaweb.com.br\/celso\/wp-json\/wp\/v2\/comments?post=82"}],"version-history":[{"count":70,"href":"https:\/\/mottaweb.com.br\/celso\/wp-json\/wp\/v2\/pages\/82\/revisions"}],"predecessor-version":[{"id":398,"href":"https:\/\/mottaweb.com.br\/celso\/wp-json\/wp\/v2\/pages\/82\/revisions\/398"}],"wp:attachment":[{"href":"https:\/\/mottaweb.com.br\/celso\/wp-json\/wp\/v2\/media?parent=82"}],"curies":[{"name":"wp","href":"https:\/\/api.w.org\/{rel}","templated":true}]}}